{"id":250,"date":"2023-08-17T14:24:40","date_gmt":"2023-08-17T17:24:40","guid":{"rendered":"https:\/\/l3arquitectura.com\/?page_id=250"},"modified":"2023-10-06T22:36:42","modified_gmt":"2023-10-07T01:36:42","slug":"empresa","status":"publish","type":"page","link":"https:\/\/l3arquitectura.com\/en\/empresa\/","title":{"rendered":"Company"},"content":{"rendered":"<div data-elementor-type=\"wp-page\" data-elementor-id=\"250\" class=\"elementor elementor-250\">\n\t\t\t\t\t\t\t\t\t<section data-particle_enable=\"false\" data-particle-mobile-disabled=\"false\" class=\"elementor-section elementor-top-section elementor-element elementor-element-a2dfdfc elementor-section-full_width elementor-section-height-min-height elementor-section-height-default elementor-section-items-middle\" data-id=\"a2dfdfc\" data-element_type=\"section\" data-settings=\"{&quot;background_background&quot;:&quot;classic&quot;,&quot;background_motion_fx_translateY_effect&quot;:&quot;yes&quot;,&quot;background_motion_fx_translateY_speed&quot;:{&quot;unit&quot;:&quot;px&quot;,&quot;size&quot;:6,&quot;sizes&quot;:[]},&quot;background_motion_fx_motion_fx_scrolling&quot;:&quot;yes&quot;,&quot;background_motion_fx_range&quot;:&quot;viewport&quot;,&quot;background_motion_fx_translateY_affectedRange&quot;:{&quot;unit&quot;:&quot;%&quot;,&quot;size&quot;:&quot;&quot;,&quot;sizes&quot;:{&quot;start&quot;:0,&quot;end&quot;:100}},&quot;background_motion_fx_devices&quot;:[&quot;desktop&quot;,&quot;tablet&quot;,&quot;mobile&quot;]}\">\n\t\t\t\t\t\t<div class=\"elementor-container elementor-column-gap-default\">\n\t\t\t\t\t<div class=\"elementor-column elementor-col-100 elementor-top-column elementor-element elementor-element-c112b00\" data-id=\"c112b00\" data-element_type=\"column\">\n\t\t\t<div class=\"elementor-widget-wrap elementor-element-populated\">\n\t\t\t\t\t\t\t\t\t<\/div>\n\t\t<\/div>\n\t\t\t\t\t\t\t<\/div>\n\t\t<\/section>\n\t\t\t\t<section data-particle_enable=\"false\" data-particle-mobile-disabled=\"false\" class=\"elementor-section elementor-top-section elementor-element elementor-element-61bb680 elementor-section-boxed elementor-section-height-default elementor-section-height-default\" data-id=\"61bb680\" data-element_type=\"section\">\n\t\t\t\t\t\t<div class=\"elementor-container elementor-column-gap-default\">\n\t\t\t\t\t<div class=\"elementor-column elementor-col-50 elementor-top-column elementor-element elementor-element-c456674\" data-id=\"c456674\" data-element_type=\"column\">\n\t\t\t<div class=\"elementor-widget-wrap elementor-element-populated\">\n\t\t\t\t\t\t\t\t<div class=\"elementor-element elementor-element-8101ec8 elementor-widget elementor-widget-heading\" data-id=\"8101ec8\" data-element_type=\"widget\" data-widget_type=\"heading.default\">\n\t\t\t\t<div class=\"elementor-widget-container\">\n\t\t\t<style>\/*! elementor - v3.15.0 - 20-08-2023 *\/\n.elementor-heading-title{padding:0;margin:0;line-height:1}.elementor-widget-heading .elementor-heading-title[class*=elementor-size-]>a{color:inherit;font-size:inherit;line-height:inherit}.elementor-widget-heading .elementor-heading-title.elementor-size-small{font-size:15px}.elementor-widget-heading .elementor-heading-title.elementor-size-medium{font-size:19px}.elementor-widget-heading .elementor-heading-title.elementor-size-large{font-size:29px}.elementor-widget-heading .elementor-heading-title.elementor-size-xl{font-size:39px}.elementor-widget-heading .elementor-heading-title.elementor-size-xxl{font-size:59px}<\/style><h3 class=\"elementor-heading-title elementor-size-default\">L3 Architecture: Where Creativity and Excellence Meet<\/h3>\t\t<\/div>\n\t\t\t\t<\/div>\n\t\t\t\t<div class=\"elementor-element elementor-element-03311cc elementor-widget elementor-widget-text-editor\" data-id=\"03311cc\" data-element_type=\"widget\" data-widget_type=\"text-editor.default\">\n\t\t\t\t<div class=\"elementor-widget-container\">\n\t\t\t<style>\/*! elementor - v3.15.0 - 20-08-2023 *\/\n.elementor-widget-text-editor.elementor-drop-cap-view-stacked .elementor-drop-cap{background-color:#69727d;color:#fff}.elementor-widget-text-editor.elementor-drop-cap-view-framed .elementor-drop-cap{color:#69727d;border:3px solid;background-color:transparent}.elementor-widget-text-editor:not(.elementor-drop-cap-view-default) .elementor-drop-cap{margin-top:8px}.elementor-widget-text-editor:not(.elementor-drop-cap-view-default) .elementor-drop-cap-letter{width:1em;height:1em}.elementor-widget-text-editor .elementor-drop-cap{float:left;text-align:center;line-height:1;font-size:50px}.elementor-widget-text-editor .elementor-drop-cap-letter{display:inline-block}<\/style>\t\t\t\t<div class=\"edgtf-iwt clearfix edgtf-iwt-icon-top edgtf-iwt-icon-medium edgtf-iwt-left-align edgtf-iwt-vertical-middle\"><div class=\"edgtf-iwt-content\"><p dir=\"auto\">We are passionate about transforming ideas into constructible, functional and stylishly designed architectural projects.<\/p><p dir=\"auto\">We are a leading firm dedicated entirely to providing professional services in the vast world of architecture, design, management and technical direction of works.<\/p><p dir=\"auto\">Our headquarters are located in Punta del Este, where the magic of the place gives us stimulus and inspiration.<\/p><p dir=\"auto\">Unique lifestyle, innovation in space, light and color, sophistication and simplicity are the basis of our creation.<\/p><p dir=\"auto\">At L3 Arquitectura, we transcend borders and offer tailor-made solutions for local or international projects. Our commitment is to turn your projects into realities.<\/p><\/div><\/div>\t\t\t\t\t\t<\/div>\n\t\t\t\t<\/div>\n\t\t\t\t\t<\/div>\n\t\t<\/div>\n\t\t\t\t<div class=\"elementor-column elementor-col-50 elementor-top-column elementor-element elementor-element-f72d337\" data-id=\"f72d337\" data-element_type=\"column\" data-settings=\"{&quot;background_background&quot;:&quot;classic&quot;}\">\n\t\t\t<div class=\"elementor-widget-wrap elementor-element-populated\">\n\t\t\t\t\t\t\t\t<div class=\"elementor-element elementor-element-b95a278 elementor-widget elementor-widget-image\" data-id=\"b95a278\" data-element_type=\"widget\" data-widget_type=\"image.default\">\n\t\t\t\t<div class=\"elementor-widget-container\">\n\t\t\t<style>\/*! elementor - v3.15.0 - 20-08-2023 *\/\n.elementor-widget-image{text-align:center}.elementor-widget-image a{display:inline-block}.elementor-widget-image a img[src$=\".svg\"]{width:48px}.elementor-widget-image img{vertical-align:middle;display:inline-block}<\/style>\t\t\t\t\t\t\t\t\t\t\t\t<img decoding=\"async\" width=\"1024\" height=\"462\" src=\"https:\/\/l3arquitectura.com\/wp-content\/uploads\/2023\/08\/1b6577b673a6624904e91b9ccdd2ab4f.png\" class=\"attachment-full size-full wp-image-386\" alt=\"\" srcset=\"https:\/\/l3arquitectura.com\/wp-content\/uploads\/2023\/08\/1b6577b673a6624904e91b9ccdd2ab4f.png 1024w, https:\/\/l3arquitectura.com\/wp-content\/uploads\/2023\/08\/1b6577b673a6624904e91b9ccdd2ab4f-300x135.png 300w, https:\/\/l3arquitectura.com\/wp-content\/uploads\/2023\/08\/1b6577b673a6624904e91b9ccdd2ab4f-768x347.png 768w\" sizes=\"(max-width: 1024px) 100vw, 1024px\" \/>\t\t\t\t\t\t\t\t\t\t\t\t\t\t\t<\/div>\n\t\t\t\t<\/div>\n\t\t\t\t\t<\/div>\n\t\t<\/div>\n\t\t\t\t\t\t\t<\/div>\n\t\t<\/section>\n\t\t\t\t<section data-particle_enable=\"false\" data-particle-mobile-disabled=\"false\" class=\"elementor-section elementor-top-section elementor-element elementor-element-8f907b6 elementor-section-boxed elementor-section-height-default elementor-section-height-default\" data-id=\"8f907b6\" data-element_type=\"section\">\n\t\t\t\t\t\t<div class=\"elementor-container elementor-column-gap-default\">\n\t\t\t\t\t<div class=\"elementor-column elementor-col-25 elementor-top-column elementor-element elementor-element-c102fbf\" data-id=\"c102fbf\" data-element_type=\"column\">\n\t\t\t<div class=\"elementor-widget-wrap elementor-element-populated\">\n\t\t\t\t\t\t\t\t<div class=\"elementor-element elementor-element-cf19584 elementor-widget elementor-widget-image\" data-id=\"cf19584\" data-element_type=\"widget\" data-widget_type=\"image.default\">\n\t\t\t\t<div class=\"elementor-widget-container\">\n\t\t\t\t\t\t\t\t\t\t\t\t<figure class=\"wp-caption\">\n\t\t\t\t\t\t\t\t\t\t<img decoding=\"async\" width=\"300\" height=\"300\" src=\"https:\/\/l3arquitectura.com\/wp-content\/uploads\/2023\/08\/e3da2b595c4f50822164cf679b286a20.png\" class=\"attachment-full size-full wp-image-394\" alt=\"\" srcset=\"https:\/\/l3arquitectura.com\/wp-content\/uploads\/2023\/08\/e3da2b595c4f50822164cf679b286a20.png 300w, https:\/\/l3arquitectura.com\/wp-content\/uploads\/2023\/08\/e3da2b595c4f50822164cf679b286a20-150x150.png 150w\" sizes=\"(max-width: 300px) 100vw, 300px\" \/>\t\t\t\t\t\t\t\t\t\t\t<figcaption class=\"widget-image-caption wp-caption-text\">Arq. Federico de Armas<\/figcaption>\n\t\t\t\t\t\t\t\t\t\t<\/figure>\n\t\t\t\t\t\t\t\t\t<\/div>\n\t\t\t\t<\/div>\n\t\t\t\t\t<\/div>\n\t\t<\/div>\n\t\t\t\t<div class=\"elementor-column elementor-col-25 elementor-top-column elementor-element elementor-element-547a5dc\" data-id=\"547a5dc\" data-element_type=\"column\">\n\t\t\t<div class=\"elementor-widget-wrap elementor-element-populated\">\n\t\t\t\t\t\t\t\t<div class=\"elementor-element elementor-element-a0a01ee elementor-widget elementor-widget-image\" data-id=\"a0a01ee\" data-element_type=\"widget\" data-widget_type=\"image.default\">\n\t\t\t\t<div class=\"elementor-widget-container\">\n\t\t\t\t\t\t\t\t\t\t\t\t<figure class=\"wp-caption\">\n\t\t\t\t\t\t\t\t\t\t<img decoding=\"async\" width=\"300\" height=\"300\" src=\"https:\/\/l3arquitectura.com\/wp-content\/uploads\/2023\/08\/a286c2964c7f0935d1f6db48badfa23d.png\" class=\"attachment-full size-full wp-image-393\" alt=\"\" srcset=\"https:\/\/l3arquitectura.com\/wp-content\/uploads\/2023\/08\/a286c2964c7f0935d1f6db48badfa23d.png 300w, https:\/\/l3arquitectura.com\/wp-content\/uploads\/2023\/08\/a286c2964c7f0935d1f6db48badfa23d-150x150.png 150w\" sizes=\"(max-width: 300px) 100vw, 300px\" \/>\t\t\t\t\t\t\t\t\t\t\t<figcaption class=\"widget-image-caption wp-caption-text\">Arq.  Jonathan Liberman<\/figcaption>\n\t\t\t\t\t\t\t\t\t\t<\/figure>\n\t\t\t\t\t\t\t\t\t<\/div>\n\t\t\t\t<\/div>\n\t\t\t\t\t<\/div>\n\t\t<\/div>\n\t\t\t\t<div class=\"elementor-column elementor-col-25 elementor-top-column elementor-element elementor-element-df8cec1\" data-id=\"df8cec1\" data-element_type=\"column\">\n\t\t\t<div class=\"elementor-widget-wrap elementor-element-populated\">\n\t\t\t\t\t\t\t\t<div class=\"elementor-element elementor-element-823af50 elementor-widget elementor-widget-image\" data-id=\"823af50\" data-element_type=\"widget\" data-widget_type=\"image.default\">\n\t\t\t\t<div class=\"elementor-widget-container\">\n\t\t\t\t\t\t\t\t\t\t\t\t<figure class=\"wp-caption\">\n\t\t\t\t\t\t\t\t\t\t<img decoding=\"async\" width=\"300\" height=\"300\" src=\"https:\/\/l3arquitectura.com\/wp-content\/uploads\/2023\/08\/f6989e2f5c8041952a431a80d7b6e147.png\" class=\"attachment-full size-full wp-image-395\" alt=\"\" srcset=\"https:\/\/l3arquitectura.com\/wp-content\/uploads\/2023\/08\/f6989e2f5c8041952a431a80d7b6e147.png 300w, https:\/\/l3arquitectura.com\/wp-content\/uploads\/2023\/08\/f6989e2f5c8041952a431a80d7b6e147-150x150.png 150w\" sizes=\"(max-width: 300px) 100vw, 300px\" \/>\t\t\t\t\t\t\t\t\t\t\t<figcaption class=\"widget-image-caption wp-caption-text\">Arq.  Daniel Sanrom\u00e1n <\/figcaption>\n\t\t\t\t\t\t\t\t\t\t<\/figure>\n\t\t\t\t\t\t\t\t\t<\/div>\n\t\t\t\t<\/div>\n\t\t\t\t\t<\/div>\n\t\t<\/div>\n\t\t\t\t<div class=\"elementor-column elementor-col-25 elementor-top-column elementor-element elementor-element-905cefc\" data-id=\"905cefc\" data-element_type=\"column\">\n\t\t\t<div class=\"elementor-widget-wrap elementor-element-populated\">\n\t\t\t\t\t\t\t\t<div class=\"elementor-element elementor-element-410266a elementor-widget elementor-widget-image\" data-id=\"410266a\" data-element_type=\"widget\" data-widget_type=\"image.default\">\n\t\t\t\t<div class=\"elementor-widget-container\">\n\t\t\t\t\t\t\t\t\t\t\t\t<figure class=\"wp-caption\">\n\t\t\t\t\t\t\t\t\t\t<img decoding=\"async\" width=\"300\" height=\"300\" src=\"https:\/\/l3arquitectura.com\/wp-content\/uploads\/2023\/08\/3f75044d359da22e0c4b8a4f3730c81f.png\" class=\"attachment-full size-full wp-image-392\" alt=\"\" srcset=\"https:\/\/l3arquitectura.com\/wp-content\/uploads\/2023\/08\/3f75044d359da22e0c4b8a4f3730c81f.png 300w, https:\/\/l3arquitectura.com\/wp-content\/uploads\/2023\/08\/3f75044d359da22e0c4b8a4f3730c81f-150x150.png 150w\" sizes=\"(max-width: 300px) 100vw, 300px\" \/>\t\t\t\t\t\t\t\t\t\t\t<figcaption class=\"widget-image-caption wp-caption-text\">Arq.  Luis Taboada <\/figcaption>\n\t\t\t\t\t\t\t\t\t\t<\/figure>\n\t\t\t\t\t\t\t\t\t<\/div>\n\t\t\t\t<\/div>\n\t\t\t\t\t<\/div>\n\t\t<\/div>\n\t\t\t\t\t\t\t<\/div>\n\t\t<\/section>\n\t\t\t\t<section data-particle_enable=\"false\" data-particle-mobile-disabled=\"false\" class=\"elementor-section elementor-top-section elementor-element elementor-element-85390f2 elementor-section-boxed elementor-section-height-default elementor-section-height-default\" data-id=\"85390f2\" data-element_type=\"section\">\n\t\t\t\t\t\t<div class=\"elementor-container elementor-column-gap-default\">\n\t\t\t\t\t<div class=\"elementor-column elementor-col-50 elementor-top-column elementor-element elementor-element-000e387\" data-id=\"000e387\" data-element_type=\"column\" data-settings=\"{&quot;background_background&quot;:&quot;classic&quot;}\">\n\t\t\t<div class=\"elementor-widget-wrap elementor-element-populated\">\n\t\t\t\t\t\t\t\t<div class=\"elementor-element elementor-element-1a345c3 elementor-widget elementor-widget-image\" data-id=\"1a345c3\" data-element_type=\"widget\" data-widget_type=\"image.default\">\n\t\t\t\t<div class=\"elementor-widget-container\">\n\t\t\t\t\t\t\t\t\t\t\t\t\t\t\t<img decoding=\"async\" width=\"1024\" height=\"489\" src=\"https:\/\/l3arquitectura.com\/wp-content\/uploads\/2023\/08\/877063327603fb8b4b27127b53b6dd6f.png\" class=\"attachment-full size-full wp-image-388\" alt=\"\" srcset=\"https:\/\/l3arquitectura.com\/wp-content\/uploads\/2023\/08\/877063327603fb8b4b27127b53b6dd6f.png 1024w, https:\/\/l3arquitectura.com\/wp-content\/uploads\/2023\/08\/877063327603fb8b4b27127b53b6dd6f-300x143.png 300w, https:\/\/l3arquitectura.com\/wp-content\/uploads\/2023\/08\/877063327603fb8b4b27127b53b6dd6f-768x367.png 768w\" sizes=\"(max-width: 1024px) 100vw, 1024px\" \/>\t\t\t\t\t\t\t\t\t\t\t\t\t\t\t<\/div>\n\t\t\t\t<\/div>\n\t\t\t\t\t<\/div>\n\t\t<\/div>\n\t\t\t\t<div class=\"elementor-column elementor-col-50 elementor-top-column elementor-element elementor-element-53c6338\" data-id=\"53c6338\" data-element_type=\"column\">\n\t\t\t<div class=\"elementor-widget-wrap elementor-element-populated\">\n\t\t\t\t\t\t\t\t<div class=\"elementor-element elementor-element-319f8f4 elementor-widget elementor-widget-heading\" data-id=\"319f8f4\" data-element_type=\"widget\" data-widget_type=\"heading.default\">\n\t\t\t\t<div class=\"elementor-widget-container\">\n\t\t\t<h3 class=\"elementor-heading-title elementor-size-default\">Our Team: Global Experience, Local Passion<\/h3>\t\t<\/div>\n\t\t\t\t<\/div>\n\t\t\t\t<div class=\"elementor-element elementor-element-6e04cf7 elementor-widget elementor-widget-text-editor\" data-id=\"6e04cf7\" data-element_type=\"widget\" data-widget_type=\"text-editor.default\">\n\t\t\t\t<div class=\"elementor-widget-container\">\n\t\t\t\t\t\t\t<div class=\"edgtf-iwt clearfix edgtf-iwt-icon-top edgtf-iwt-icon-medium edgtf-iwt-left-align edgtf-iwt-vertical-middle\"><div class=\"edgtf-iwt-content\"><p dir=\"auto\">At L3 Arquitectura, we have the strength of a diverse and passionate team with extensive experience both locally and internationally. Over more than fifteen years, we have built an exceptional team that allows us to approach challenging projects with a unique perspective.<\/p><p dir=\"auto\">In addition to our talented in-house team, we have a network of professional consultants in various disciplines. Together, we combine knowledge and skills to create exceptional technical solutions. At L3 Architecture, excellence is our standard, and we are ready to turn your architectural dreams into reality.<\/p><\/div><\/div>\t\t\t\t\t\t<\/div>\n\t\t\t\t<\/div>\n\t\t\t\t\t<\/div>\n\t\t<\/div>\n\t\t\t\t\t\t\t<\/div>\n\t\t<\/section>\n\t\t\t\t<section data-particle_enable=\"false\" data-particle-mobile-disabled=\"false\" class=\"elementor-section elementor-top-section elementor-element elementor-element-54fb9ef elementor-section-boxed elementor-section-height-default elementor-section-height-default\" data-id=\"54fb9ef\" data-element_type=\"section\">\n\t\t\t\t\t\t<div class=\"elementor-container elementor-column-gap-default\">\n\t\t\t\t\t<div class=\"elementor-column elementor-col-50 elementor-top-column elementor-element elementor-element-d219977\" data-id=\"d219977\" data-element_type=\"column\">\n\t\t\t<div class=\"elementor-widget-wrap elementor-element-populated\">\n\t\t\t\t\t\t\t\t<div class=\"elementor-element elementor-element-a52d649 elementor-widget elementor-widget-heading\" data-id=\"a52d649\" data-element_type=\"widget\" data-widget_type=\"heading.default\">\n\t\t\t\t<div class=\"elementor-widget-container\">\n\t\t\t<h3 class=\"elementor-heading-title elementor-size-default\">Scope of Services: from Idea to Reality<\/h3>\t\t<\/div>\n\t\t\t\t<\/div>\n\t\t\t\t<div class=\"elementor-element elementor-element-954b09c elementor-widget elementor-widget-text-editor\" data-id=\"954b09c\" data-element_type=\"widget\" data-widget_type=\"text-editor.default\">\n\t\t\t\t<div class=\"elementor-widget-container\">\n\t\t\t\t\t\t\t<div class=\"edgtf-iwt clearfix edgtf-iwt-icon-top edgtf-iwt-icon-medium edgtf-iwt-left-align edgtf-iwt-vertical-middle\"><div class=\"edgtf-iwt-content\"><p dir=\"auto\">At L3 Architecture, we offer a full spectrum of services from initial concept to final construction. Our comprehensive approach includes basic, civil, environmental and electrical engineering, as well as EPC and EPCM procurement, construction and project management.<\/p><p dir=\"auto\">Our experience spans a wide range of applications, including housing developments, private residences, shopping centers, hotels, sports facilities, healthcare facilities, mixed-use complexes and more. In every project, we transform your vision into reality, backed by our dedication and experience.<\/p><\/div><\/div>\t\t\t\t\t\t<\/div>\n\t\t\t\t<\/div>\n\t\t\t\t\t<\/div>\n\t\t<\/div>\n\t\t\t\t<div class=\"elementor-column elementor-col-50 elementor-top-column elementor-element elementor-element-3e62b1e\" data-id=\"3e62b1e\" data-element_type=\"column\" data-settings=\"{&quot;background_background&quot;:&quot;classic&quot;}\">\n\t\t\t<div class=\"elementor-widget-wrap elementor-element-populated\">\n\t\t\t\t\t\t\t\t<div class=\"elementor-element elementor-element-3877545 elementor-widget elementor-widget-image\" data-id=\"3877545\" data-element_type=\"widget\" data-widget_type=\"image.default\">\n\t\t\t\t<div class=\"elementor-widget-container\">\n\t\t\t\t\t\t\t\t\t\t\t\t\t\t\t<img decoding=\"async\" width=\"1024\" height=\"480\" src=\"https:\/\/l3arquitectura.com\/wp-content\/uploads\/2023\/08\/d1549cb1d93cd10d2a889fbf10ab691a.png\" class=\"attachment-full size-full wp-image-389\" alt=\"\" srcset=\"https:\/\/l3arquitectura.com\/wp-content\/uploads\/2023\/08\/d1549cb1d93cd10d2a889fbf10ab691a.png 1024w, https:\/\/l3arquitectura.com\/wp-content\/uploads\/2023\/08\/d1549cb1d93cd10d2a889fbf10ab691a-300x141.png 300w, https:\/\/l3arquitectura.com\/wp-content\/uploads\/2023\/08\/d1549cb1d93cd10d2a889fbf10ab691a-768x360.png 768w\" sizes=\"(max-width: 1024px) 100vw, 1024px\" \/>\t\t\t\t\t\t\t\t\t\t\t\t\t\t\t<\/div>\n\t\t\t\t<\/div>\n\t\t\t\t\t<\/div>\n\t\t<\/div>\n\t\t\t\t\t\t\t<\/div>\n\t\t<\/section>\n\t\t\t\t<section data-particle_enable=\"false\" data-particle-mobile-disabled=\"false\" class=\"elementor-section elementor-top-section elementor-element elementor-element-7468f24 elementor-section-boxed elementor-section-height-default elementor-section-height-default\" data-id=\"7468f24\" data-element_type=\"section\">\n\t\t\t\t\t\t<div class=\"elementor-container elementor-column-gap-default\">\n\t\t\t\t\t<div class=\"elementor-column elementor-col-50 elementor-top-column elementor-element elementor-element-f3a8668\" data-id=\"f3a8668\" data-element_type=\"column\" data-settings=\"{&quot;background_background&quot;:&quot;classic&quot;}\">\n\t\t\t<div class=\"elementor-widget-wrap elementor-element-populated\">\n\t\t\t\t\t\t\t\t<div class=\"elementor-element elementor-element-fa1a12b elementor-widget elementor-widget-image\" data-id=\"fa1a12b\" data-element_type=\"widget\" data-widget_type=\"image.default\">\n\t\t\t\t<div class=\"elementor-widget-container\">\n\t\t\t\t\t\t\t\t\t\t\t\t\t\t\t<img decoding=\"async\" width=\"1024\" height=\"489\" src=\"https:\/\/l3arquitectura.com\/wp-content\/uploads\/2023\/08\/1eccb519ae0c21832e5c4b83d0133f50.png\" class=\"attachment-full size-full wp-image-390\" alt=\"\" srcset=\"https:\/\/l3arquitectura.com\/wp-content\/uploads\/2023\/08\/1eccb519ae0c21832e5c4b83d0133f50.png 1024w, https:\/\/l3arquitectura.com\/wp-content\/uploads\/2023\/08\/1eccb519ae0c21832e5c4b83d0133f50-300x143.png 300w, https:\/\/l3arquitectura.com\/wp-content\/uploads\/2023\/08\/1eccb519ae0c21832e5c4b83d0133f50-768x367.png 768w\" sizes=\"(max-width: 1024px) 100vw, 1024px\" \/>\t\t\t\t\t\t\t\t\t\t\t\t\t\t\t<\/div>\n\t\t\t\t<\/div>\n\t\t\t\t\t<\/div>\n\t\t<\/div>\n\t\t\t\t<div class=\"elementor-column elementor-col-50 elementor-top-column elementor-element elementor-element-b381406\" data-id=\"b381406\" data-element_type=\"column\">\n\t\t\t<div class=\"elementor-widget-wrap elementor-element-populated\">\n\t\t\t\t\t\t\t\t<div class=\"elementor-element elementor-element-fbe0b17 elementor-widget elementor-widget-heading\" data-id=\"fbe0b17\" data-element_type=\"widget\" data-widget_type=\"heading.default\">\n\t\t\t\t<div class=\"elementor-widget-container\">\n\t\t\t<h3 class=\"elementor-heading-title elementor-size-default\">L3 Developments: Management of Real Estate Developments<\/h3>\t\t<\/div>\n\t\t\t\t<\/div>\n\t\t\t\t<div class=\"elementor-element elementor-element-986167a elementor-widget elementor-widget-text-editor\" data-id=\"986167a\" data-element_type=\"widget\" data-widget_type=\"text-editor.default\">\n\t\t\t\t<div class=\"elementor-widget-container\">\n\t\t\t\t\t\t\t<div class=\"edgtf-iwt clearfix edgtf-iwt-icon-top edgtf-iwt-icon-medium edgtf-iwt-left-align edgtf-iwt-vertical-middle\"><div class=\"edgtf-iwt-content\"><p>A strategic unit of L3 Arquitectura, specializes in the integral management of real estate developments. We provide cutting-edge technical, legal and financial support for investments, whether our own or those of third parties, guaranteeing excellence in the execution and fulfillment of the project's objectives.<\/p><\/div><\/div>\t\t\t\t\t\t<\/div>\n\t\t\t\t<\/div>\n\t\t\t\t\t<\/div>\n\t\t<\/div>\n\t\t\t\t\t\t\t<\/div>\n\t\t<\/section>\n\t\t\t\t<section data-particle_enable=\"false\" data-particle-mobile-disabled=\"false\" class=\"elementor-section elementor-top-section elementor-element elementor-element-0a52aaa elementor-section-boxed elementor-section-height-default elementor-section-height-default\" data-id=\"0a52aaa\" data-element_type=\"section\">\n\t\t\t\t\t\t<div class=\"elementor-container elementor-column-gap-default\">\n\t\t\t\t\t<div class=\"elementor-column elementor-col-66 elementor-top-column elementor-element elementor-element-178c326\" data-id=\"178c326\" data-element_type=\"column\">\n\t\t\t<div class=\"elementor-widget-wrap elementor-element-populated\">\n\t\t\t\t\t\t\t\t<div class=\"elementor-element elementor-element-edb983d elementor-widget elementor-widget-heading\" data-id=\"edb983d\" data-element_type=\"widget\" data-widget_type=\"heading.default\">\n\t\t\t\t<div class=\"elementor-widget-container\">\n\t\t\t<h3 class=\"elementor-heading-title elementor-size-default\">Strategic Alliances: Boosting Efficiency<\/h3>\t\t<\/div>\n\t\t\t\t<\/div>\n\t\t\t\t<div class=\"elementor-element elementor-element-a07b96b elementor-widget elementor-widget-text-editor\" data-id=\"a07b96b\" data-element_type=\"widget\" data-widget_type=\"text-editor.default\">\n\t\t\t\t<div class=\"elementor-widget-container\">\n\t\t\t\t\t\t\t<div class=\"edgtf-iwt clearfix edgtf-iwt-icon-top edgtf-iwt-icon-medium edgtf-iwt-left-align edgtf-iwt-vertical-middle\"><div class=\"edgtf-iwt-content\"><p>L3 Arquitectura is a key component in a network of companies within the engineering and construction sector. Our ability to vertically integrate processes allows us to optimize costs and deadlines, guaranteeing efficiency in each project.<\/p><\/div><\/div>\t\t\t\t\t\t<\/div>\n\t\t\t\t<\/div>\n\t\t\t\t\t<\/div>\n\t\t<\/div>\n\t\t\t\t<div class=\"elementor-column elementor-col-33 elementor-top-column elementor-element elementor-element-14e4aab\" data-id=\"14e4aab\" data-element_type=\"column\" data-settings=\"{&quot;background_background&quot;:&quot;classic&quot;}\">\n\t\t\t<div class=\"elementor-widget-wrap elementor-element-populated\">\n\t\t\t\t\t\t\t\t<div class=\"elementor-element elementor-element-de7a5b6 elementor-widget elementor-widget-image\" data-id=\"de7a5b6\" data-element_type=\"widget\" data-widget_type=\"image.default\">\n\t\t\t\t<div class=\"elementor-widget-container\">\n\t\t\t\t\t\t\t\t\t\t\t\t\t\t\t<img decoding=\"async\" width=\"300\" height=\"143\" src=\"https:\/\/l3arquitectura.com\/wp-content\/uploads\/2023\/08\/5ac891e98fb2e3f86d6200263ee18b16.png\" class=\"attachment-full size-full wp-image-391\" alt=\"\" \/>\t\t\t\t\t\t\t\t\t\t\t\t\t\t\t<\/div>\n\t\t\t\t<\/div>\n\t\t\t\t\t<\/div>\n\t\t<\/div>\n\t\t\t\t\t\t\t<\/div>\n\t\t<\/section>\n\t\t\t\t\t\t\t<\/div>","protected":false},"excerpt":{"rendered":"<p>L3 Arquitectura: Donde la Creatividad y la Excelencia se Encuentran Nos apasiona transformar los ideas en proyectos de arquitectura construibles, funcionales y de de estilizado dise\u00f1o. Somos una firma l\u00edder dedicada por completo a brindar servicios profesionales en el vasto mundo de la arquitectura, el dise\u00f1o, el gerenciamiento y la direcci\u00f3n t\u00e9cnica de obras. Nuestra [&hellip;]<\/p>","protected":false},"author":2,"featured_media":0,"parent":0,"menu_order":0,"comment_status":"closed","ping_status":"closed","template":"","meta":{"_eb_attr":"","_eb_data_table":"","footnotes":""},"_links":{"self":[{"href":"https:\/\/l3arquitectura.com\/en\/wp-json\/wp\/v2\/pages\/250"}],"collection":[{"href":"https:\/\/l3arquitectura.com\/en\/wp-json\/wp\/v2\/pages"}],"about":[{"href":"https:\/\/l3arquitectura.com\/en\/wp-json\/wp\/v2\/types\/page"}],"author":[{"embeddable":true,"href":"https:\/\/l3arquitectura.com\/en\/wp-json\/wp\/v2\/users\/2"}],"replies":[{"embeddable":true,"href":"https:\/\/l3arquitectura.com\/en\/wp-json\/wp\/v2\/comments?post=250"}],"version-history":[{"count":28,"href":"https:\/\/l3arquitectura.com\/en\/wp-json\/wp\/v2\/pages\/250\/revisions"}],"predecessor-version":[{"id":1239,"href":"https:\/\/l3arquitectura.com\/en\/wp-json\/wp\/v2\/pages\/250\/revisions\/1239"}],"wp:attachment":[{"href":"https:\/\/l3arquitectura.com\/en\/wp-json\/wp\/v2\/media?parent=250"}],"curies":[{"name":"wp","href":"https:\/\/api.w.org\/{rel}","templated":true}]}}