{"id":196,"date":"2023-08-17T11:50:44","date_gmt":"2023-08-17T14:50:44","guid":{"rendered":"http:\/\/l3arquitectura.com\/?page_id=196"},"modified":"2023-09-15T23:19:26","modified_gmt":"2023-09-16T02:19:26","slug":"portfolio","status":"publish","type":"page","link":"https:\/\/l3arquitectura.com\/en\/portfolio\/","title":{"rendered":"Portfolio"},"content":{"rendered":"<div data-elementor-type=\"wp-page\" data-elementor-id=\"196\" class=\"elementor elementor-196\">\n\t\t\t\t\t\t\t\t\t<section data-particle_enable=\"false\" data-particle-mobile-disabled=\"false\" class=\"elementor-section elementor-top-section elementor-element elementor-element-a2dfdfc elementor-section-full_width elementor-section-height-min-height elementor-section-height-default elementor-section-items-middle\" data-id=\"a2dfdfc\" data-element_type=\"section\" data-settings=\"{&quot;background_background&quot;:&quot;classic&quot;,&quot;background_motion_fx_translateY_effect&quot;:&quot;yes&quot;,&quot;background_motion_fx_translateY_speed&quot;:{&quot;unit&quot;:&quot;px&quot;,&quot;size&quot;:6,&quot;sizes&quot;:[]},&quot;background_motion_fx_motion_fx_scrolling&quot;:&quot;yes&quot;,&quot;background_motion_fx_range&quot;:&quot;viewport&quot;,&quot;background_motion_fx_translateY_affectedRange&quot;:{&quot;unit&quot;:&quot;%&quot;,&quot;size&quot;:&quot;&quot;,&quot;sizes&quot;:{&quot;start&quot;:0,&quot;end&quot;:100}},&quot;background_motion_fx_devices&quot;:[&quot;desktop&quot;,&quot;tablet&quot;,&quot;mobile&quot;]}\">\n\t\t\t\t\t\t<div class=\"elementor-container elementor-column-gap-default\">\n\t\t\t\t\t<div class=\"elementor-column elementor-col-100 elementor-top-column elementor-element elementor-element-c112b00\" data-id=\"c112b00\" data-element_type=\"column\">\n\t\t\t<div class=\"elementor-widget-wrap elementor-element-populated\">\n\t\t\t\t\t\t\t\t\t<\/div>\n\t\t<\/div>\n\t\t\t\t\t\t\t<\/div>\n\t\t<\/section>\n\t\t\t\t<section data-particle_enable=\"false\" data-particle-mobile-disabled=\"false\" class=\"elementor-section elementor-top-section elementor-element elementor-element-cfa4b3b elementor-section-full_width elementor-section-height-default elementor-section-height-default\" data-id=\"cfa4b3b\" data-element_type=\"section\">\n\t\t\t\t\t\t<div class=\"elementor-container elementor-column-gap-default\">\n\t\t\t\t\t<div class=\"elementor-column elementor-col-100 elementor-top-column elementor-element elementor-element-6910329\" data-id=\"6910329\" data-element_type=\"column\">\n\t\t\t<div class=\"elementor-widget-wrap elementor-element-populated\">\n\t\t\t\t\t\t\t\t<div class=\"elementor-element elementor-element-f86cb80 elementor-grid-4 elementor-grid-tablet-2 elementor-grid-mobile-1 elementor-widget elementor-widget-eael-dynamic-filterable-gallery\" data-id=\"f86cb80\" data-element_type=\"widget\" data-settings=\"{&quot;eael_fg_columns&quot;:&quot;4&quot;,&quot;show_load_more&quot;:&quot;1&quot;,&quot;eael_fg_columns_tablet&quot;:&quot;2&quot;,&quot;eael_fg_columns_mobile&quot;:&quot;1&quot;}\" data-widget_type=\"eael-dynamic-filterable-gallery.default\">\n\t\t\t\t<div class=\"elementor-widget-container\">\n\t\t\t<div id=\"eael-filter-gallery-wrapper-f86cb80\" class=\"eael-filter-gallery-wrapper\"><div class=\"eael-filter-gallery-control\">\n                    <ul>\n                        <li class=\"control active dynamic-gallery-category\" data-filter=\"*\">All<\/li><li class=\"control dynamic-gallery-category\" data-termid=\"4\" data-taxonomy=\"category\" data-filter=\".comercial\">Commercial<\/li><li class=\"control dynamic-gallery-category\" data-termid=\"10\" data-taxonomy=\"category\" data-filter=\".cultural\">Cultural<\/li><li class=\"control dynamic-gallery-category\" data-termid=\"11\" data-taxonomy=\"category\" data-filter=\".deportivo\">Sporting<\/li><li class=\"control dynamic-gallery-category\" data-termid=\"14\" data-taxonomy=\"category\" data-filter=\".edificios-residenciales\">Residencial Buildings<\/li><li class=\"control dynamic-gallery-category\" data-termid=\"8\" data-taxonomy=\"category\" data-filter=\".gastronomico\">Gastronomic<\/li><li class=\"control dynamic-gallery-category\" data-termid=\"15\" data-taxonomy=\"category\" data-filter=\".hoteleria\">Hospitality<\/li><li class=\"control dynamic-gallery-category\" data-termid=\"16\" data-taxonomy=\"category\" data-filter=\".industrial\">Industrial<\/li><li class=\"control dynamic-gallery-category\" data-termid=\"17\" data-taxonomy=\"category\" data-filter=\".logistico\">Logistical<\/li><li class=\"control dynamic-gallery-category\" data-termid=\"5\" data-taxonomy=\"category\" data-filter=\".oficinas\">Offices<\/li><li class=\"control dynamic-gallery-category\" data-termid=\"18\" data-taxonomy=\"category\" data-filter=\".residencias\">Households<\/li><\/ul>\n                <\/div><div class=\"eael-filter-gallery-container eael-post-appender eael-post-appender-f86cb80 grid eael-cards 4\" data-settings=\"{&quot;item_style&quot;:&quot;eael-cards&quot;,&quot;duration&quot;:500,&quot;layout_mode&quot;:&quot;grid&quot;}\"><div class=\"dynamic-gallery-item edificios-residenciales edificios-residenciales edificios-residenciales edificios-residenciales\">\n        <div class=\"dynamic-gallery-item-inner\" data-itemid=\" 1316 \"><a href=\"https:\/\/l3arquitectura.com\/en\/walmer-lagoon\/\"><div class=\"dynamic-gallery-thumbnail\"><img decoding=\"async\" src=\"https:\/\/l3arquitectura.com\/wp-content\/uploads\/2024\/02\/39-1-scaled.jpg\" alt=\"\"><\/div><\/a> <div class=\"item-content\"><h2 class=\"title\"><a href=\"https:\/\/l3arquitectura.com\/en\/walmer-lagoon\/\">Walmer Lagoon<\/a><\/h2><\/div>\n        <\/div>\n    <\/div><div class=\"dynamic-gallery-item comercial comercial comercial comercial\">\n        <div class=\"dynamic-gallery-item-inner\" data-itemid=\" 1330 \"><a href=\"https:\/\/l3arquitectura.com\/en\/centro-comercial-joaquin-de-viana\/\"><div class=\"dynamic-gallery-thumbnail\"><img decoding=\"async\" src=\"https:\/\/l3arquitectura.com\/wp-content\/uploads\/2024\/02\/3-scaled.jpg\" alt=\"\"><\/div><\/a> <div class=\"item-content\"><h2 class=\"title\"><a href=\"https:\/\/l3arquitectura.com\/en\/centro-comercial-joaquin-de-viana\/\">Centro comercial Joaquin de Viana<\/a><\/h2><\/div>\n        <\/div>\n    <\/div><div class=\"dynamic-gallery-item comercial comercial oficinas oficinas comercial oficinas comercial oficinas\">\n        <div class=\"dynamic-gallery-item-inner\" data-itemid=\" 1078 \"><a href=\"https:\/\/l3arquitectura.com\/en\/nuevo-centro-comercial\/\"><div class=\"dynamic-gallery-thumbnail\"><img decoding=\"async\" src=\"https:\/\/l3arquitectura.com\/wp-content\/uploads\/2023\/09\/1-prueba-03.jpg\" alt=\"\"><\/div><\/a> <div class=\"item-content\"><h2 class=\"title\"><a href=\"https:\/\/l3arquitectura.com\/en\/nuevo-centro-comercial\/\">Nuevo Centro Comercial<\/a><\/h2><\/div>\n        <\/div>\n    <\/div><div class=\"dynamic-gallery-item comercial comercial comercial comercial\">\n        <div class=\"dynamic-gallery-item-inner\" data-itemid=\" 1278 \"><a href=\"https:\/\/l3arquitectura.com\/en\/centro-comercial-paseo-del-este\/\"><div class=\"dynamic-gallery-thumbnail\"><img decoding=\"async\" src=\"https:\/\/l3arquitectura.com\/wp-content\/uploads\/2024\/02\/Drone-3-1-scaled.jpg\" alt=\"\"><\/div><\/a> <div class=\"item-content\"><h2 class=\"title\"><a href=\"https:\/\/l3arquitectura.com\/en\/centro-comercial-paseo-del-este\/\">Centro comercial paseo del este<\/a><\/h2><\/div>\n        <\/div>\n    <\/div><div class=\"dynamic-gallery-item gastronomico gastronomico gastronomico gastronomico\">\n        <div class=\"dynamic-gallery-item-inner\" data-itemid=\" 1068 \"><a href=\"https:\/\/l3arquitectura.com\/en\/heladeria-pecas\/\"><div class=\"dynamic-gallery-thumbnail\"><img decoding=\"async\" src=\"https:\/\/l3arquitectura.com\/wp-content\/uploads\/2023\/09\/IMG_8628.jpg\" alt=\"\"><\/div><\/a> <div class=\"item-content\"><h2 class=\"title\"><a href=\"https:\/\/l3arquitectura.com\/en\/heladeria-pecas\/\">Pecas Ice Cream Parlor<\/a><\/h2><\/div>\n        <\/div>\n    <\/div><div class=\"dynamic-gallery-item comercial comercial comercial comercial\">\n        <div class=\"dynamic-gallery-item-inner\" data-itemid=\" 1201 \"><a href=\"https:\/\/l3arquitectura.com\/en\/v18\/\"><div class=\"dynamic-gallery-thumbnail\"><img decoding=\"async\" src=\"https:\/\/l3arquitectura.com\/wp-content\/uploads\/2021\/06\/V18.jpg\" alt=\"\"><\/div><\/a> <div class=\"item-content\"><h2 class=\"title\"><a href=\"https:\/\/l3arquitectura.com\/en\/v18\/\">V18<\/a><\/h2><\/div>\n        <\/div>\n    <\/div><div class=\"dynamic-gallery-item cultural cultural deportivo deportivo cultural deportivo cultural deportivo\">\n        <div class=\"dynamic-gallery-item-inner\" data-itemid=\" 1057 \"><a href=\"https:\/\/l3arquitectura.com\/en\/polideportivo-solanas\/\"><div class=\"dynamic-gallery-thumbnail\"><img decoding=\"async\" src=\"https:\/\/l3arquitectura.com\/wp-content\/uploads\/2023\/09\/2-L3-Polideportivo-Solanas-Matos-Albers-alta3.jpg\" alt=\"\"><\/div><\/a> <div class=\"item-content\"><h2 class=\"title\"><a href=\"https:\/\/l3arquitectura.com\/en\/polideportivo-solanas\/\">Polideportive Solanas<\/a><\/h2><\/div>\n        <\/div>\n    <\/div><div class=\"dynamic-gallery-item hoteleria hoteleria hoteleria hoteleria\">\n        <div class=\"dynamic-gallery-item-inner\" data-itemid=\" 1045 \"><a href=\"https:\/\/l3arquitectura.com\/en\/acceso-solanas\/\"><div class=\"dynamic-gallery-thumbnail\"><img decoding=\"async\" src=\"https:\/\/l3arquitectura.com\/wp-content\/uploads\/2023\/09\/7-L3-Torretas-Solanas-\u00a9-Matos-Albers-alta-9-de-9.jpg\" alt=\"\"><\/div><\/a> <div class=\"item-content\"><h2 class=\"title\"><a href=\"https:\/\/l3arquitectura.com\/en\/acceso-solanas\/\">Solanas Access<\/a><\/h2><\/div>\n        <\/div>\n    <\/div><div class=\"dynamic-gallery-item residencias residencias residencias residencias\">\n        <div class=\"dynamic-gallery-item-inner\" data-itemid=\" 1033 \"><a href=\"https:\/\/l3arquitectura.com\/en\/la-corotera\/\"><div class=\"dynamic-gallery-thumbnail\"><img decoding=\"async\" src=\"https:\/\/l3arquitectura.com\/wp-content\/uploads\/2023\/09\/7-La-Corotera-31.jpg\" alt=\"\"><\/div><\/a> <div class=\"item-content\"><h2 class=\"title\"><a href=\"https:\/\/l3arquitectura.com\/en\/la-corotera\/\">La Corotera<\/a><\/h2><\/div>\n        <\/div>\n    <\/div><div class=\"dynamic-gallery-item residencias residencias residencias residencias\">\n        <div class=\"dynamic-gallery-item-inner\" data-itemid=\" 1024 \"><a href=\"https:\/\/l3arquitectura.com\/en\/mercovich\/\"><div class=\"dynamic-gallery-thumbnail\"><img decoding=\"async\" src=\"https:\/\/l3arquitectura.com\/wp-content\/uploads\/2023\/09\/3-PLANTA-BAJA-scaled-1.jpg\" alt=\"\"><\/div><\/a> <div class=\"item-content\"><h2 class=\"title\"><a href=\"https:\/\/l3arquitectura.com\/en\/mercovich\/\">Mercovich<\/a><\/h2><\/div>\n        <\/div>\n    <\/div><div class=\"dynamic-gallery-item residencias residencias residencias residencias\">\n        <div class=\"dynamic-gallery-item-inner\" data-itemid=\" 1004 \"><a href=\"https:\/\/l3arquitectura.com\/en\/casa-al-lago-solanas\/\"><div class=\"dynamic-gallery-thumbnail\"><img decoding=\"async\" src=\"https:\/\/l3arquitectura.com\/wp-content\/uploads\/2023\/09\/8-L3-Espinola_Final-alta-16-of-31.jpg\" alt=\"\"><\/div><\/a> <div class=\"item-content\"><h2 class=\"title\"><a href=\"https:\/\/l3arquitectura.com\/en\/casa-al-lago-solanas\/\">Casa al lago Solanas<\/a><\/h2><\/div>\n        <\/div>\n    <\/div><div class=\"dynamic-gallery-item residencias residencias residencias residencias\">\n        <div class=\"dynamic-gallery-item-inner\" data-itemid=\" 997 \"><a href=\"https:\/\/l3arquitectura.com\/en\/casa-aa\/\"><div class=\"dynamic-gallery-thumbnail\"><img decoding=\"async\" src=\"https:\/\/l3arquitectura.com\/wp-content\/uploads\/2023\/09\/1-AA-Render.jpg\" alt=\"\"><\/div><\/a> <div class=\"item-content\"><h2 class=\"title\"><a href=\"https:\/\/l3arquitectura.com\/en\/casa-aa\/\">House AA<\/a><\/h2><\/div>\n        <\/div>\n    <\/div><\/div>            <div class=\"eael-load-more-button-wrap dynamic-filter-gallery-loadmore\">\n                <button class=\"eael-load-more-button\" id=\"eael-load-more-btn-f86cb80\" data-widget-id=\"f86cb80\" data-widget=\"f86cb80\" data-page-id=\"196\" data-nonce=\"7766f02ddf\" data-template=\"{&quot;dir&quot;:&quot;pro&quot;,&quot;file_name&quot;:&quot;default.php&quot;,&quot;name&quot;:&quot;Dynamic-Filterable-Gallery&quot;}\" data-class=\"Essential_Addons_Elementor\\Pro\\Elements\\Dynamic_Filterable_Gallery\" data-layout=\"masonry\" data-page=\"1\" data-args=\"orderby=date&amp;order=desc&amp;ignore_sticky_posts=1&amp;post_status=publish&amp;posts_per_page=12&amp;offset=0&amp;post_type=post&amp;tax_query%5B0%5D%5Btaxonomy%5D=category&amp;tax_query%5B0%5D%5Bfield%5D=term_id&amp;tax_query%5B0%5D%5Bterms%5D%5B0%5D=4&amp;tax_query%5B0%5D%5Bterms%5D%5B1%5D=10&amp;tax_query%5B0%5D%5Bterms%5D%5B2%5D=11&amp;tax_query%5B0%5D%5Bterms%5D%5B3%5D=14&amp;tax_query%5B0%5D%5Bterms%5D%5B4%5D=8&amp;tax_query%5B0%5D%5Bterms%5D%5B5%5D=15&amp;tax_query%5B0%5D%5Bterms%5D%5B6%5D=16&amp;tax_query%5B0%5D%5Bterms%5D%5B7%5D=17&amp;tax_query%5B0%5D%5Bterms%5D%5B8%5D=5&amp;tax_query%5B0%5D%5Bterms%5D%5B9%5D=18&amp;tax_query%5Brelation%5D=AND\" data-max-page=\"4\">\n                    <div class=\"eael-btn-loader button__loader\"><\/div>\n                    <span>See more<\/span>\n                <\/button>\n            <\/div>\n        <\/div>\t\t<\/div>\n\t\t\t\t<\/div>\n\t\t\t\t\t<\/div>\n\t\t<\/div>\n\t\t\t\t\t\t\t<\/div>\n\t\t<\/section>\n\t\t\t\t\t\t\t<\/div>","protected":false},"excerpt":{"rendered":"<p>All Comercial Cultural Deportivo Edificios residenciales Gastron\u00f3mico Hoteler\u00eda Industrial Log\u00edstico Oficinas Residencias Centro comercial Terminal Helader\u00eda Pecas Polideportivo Solanas Acceso Solanas La Corotera Mercovich Casa ES Casa AA Roosevelt 22 Look 18 Roosevlet Point BPZA (1+2) Ver m\u00e1s<\/p>","protected":false},"author":2,"featured_media":0,"parent":0,"menu_order":0,"comment_status":"closed","ping_status":"closed","template":"","meta":{"_eb_attr":"","_eb_data_table":"","footnotes":""},"_links":{"self":[{"href":"https:\/\/l3arquitectura.com\/en\/wp-json\/wp\/v2\/pages\/196"}],"collection":[{"href":"https:\/\/l3arquitectura.com\/en\/wp-json\/wp\/v2\/pages"}],"about":[{"href":"https:\/\/l3arquitectura.com\/en\/wp-json\/wp\/v2\/types\/page"}],"author":[{"embeddable":true,"href":"https:\/\/l3arquitectura.com\/en\/wp-json\/wp\/v2\/users\/2"}],"replies":[{"embeddable":true,"href":"https:\/\/l3arquitectura.com\/en\/wp-json\/wp\/v2\/comments?post=196"}],"version-history":[{"count":76,"href":"https:\/\/l3arquitectura.com\/en\/wp-json\/wp\/v2\/pages\/196\/revisions"}],"predecessor-version":[{"id":1101,"href":"https:\/\/l3arquitectura.com\/en\/wp-json\/wp\/v2\/pages\/196\/revisions\/1101"}],"wp:attachment":[{"href":"https:\/\/l3arquitectura.com\/en\/wp-json\/wp\/v2\/media?parent=196"}],"curies":[{"name":"wp","href":"https:\/\/api.w.org\/{rel}","templated":true}]}}